{"id":6,"date":"2020-08-29T18:01:15","date_gmt":"2020-08-29T21:01:15","guid":{"rendered":"https:\/\/museu.ufpe.br\/?page_id=6"},"modified":"2025-09-29T15:45:50","modified_gmt":"2025-09-29T18:45:50","slug":"carlosestevao","status":"publish","type":"page","link":"https:\/\/acervos.ufpe.br\/carlosestevao\/","title":{"rendered":"Cole\u00e7\u00e3o Etnogr\u00e1fica Carlos Estev\u00e3o"},"content":{"rendered":"\n<p style=\"font-size:22px\">A Cole\u00e7\u00e3o Etnogr\u00e1fica Carlos Estev\u00e3o constitui-se em um valioso acervo de mais de 3.000 pe\u00e7as adquiridas entre os anos de 1908 a 1946 quando o pernambucano, advogado, poeta e folclorista Carlos Estev\u00e3o de Oliveira trabalhou na regi\u00e3o Amaz\u00f4nica ocupando importantes cargos no Estado do Par\u00e1 como promotor p\u00fablico em Alenquer, funcion\u00e1rio p\u00fablico em Bel\u00e9m, e por fim, Diretor do Museu Paraense Em\u00edlio G\u00f6eldi, cargo que exerceu at\u00e9 sua morte em junho de 1946.<\/p>\n\n\n\n<p style=\"font-size:22px\">Antes de falecer, em 05 de junho de 1946, Carlos Estev\u00e3o oficializou a fam\u00edlia o seu desejo de doar parte de sua Cole\u00e7\u00e3o etnogr\u00e1fica e arqueol\u00f3gica, adquirida entre 1908 e 1946, ao Estado de Pernambuco. Assim, em 10 de julho de 1947, a Cole\u00e7\u00e3o passou a fazer parte do acervo do Museu do Estado de Pernambuco, recebendo o nome de seu colecionador.<\/p>\n\n\n\n<div class=\"wp-block-group\"><div class=\"wp-block-group__inner-container\"><\/div><\/div>\n\n\n\n<div class=\"wp-block-media-text alignwide is-stacked-on-mobile\"><figure class=\"wp-block-media-text__media\"><a href=\"https:\/\/acervos.ufpe.br\/carlosestevao\/index.php\/colecoes\/colecao-etnografica\/\"><img loading=\"lazy\" width=\"500\" height=\"582\" src=\"https:\/\/acervos.ufpe.br\/carlosestevao\/wp-content\/uploads\/2020\/10\/Cocar-e1604054645215.png\" alt=\"\" class=\"wp-image-26153 size-full\"\/><\/a><\/figure><div class=\"wp-block-media-text__content\">\n<p style=\"font-size:26px\"><em>A <a href=\"https:\/\/acervos.ufpe.br\/carlosestevao\/index.php\/colecoes\/colecao-etnografica\/\" data-type=\"URL\" data-id=\"https:\/\/acervos.ufpe.br\/carlosestevao\/index.php\/colecoes\/colecao-etnografica\/\">Cole\u00e7\u00e3o Etnogr\u00e1fica Carlos Estev\u00e3o<\/a> possui cerca de 2.250 objetos de 59 povos ind\u00edgenas. Neste espa\u00e7o virtual voc\u00ea poder\u00e1 fazer sua visita selecionando o povo ind\u00edgena de seu interesse.<\/em><\/p>\n<\/div><\/div>\n\n\n\n<div class=\"wp-block-media-text alignwide has-media-on-the-right is-stacked-on-mobile\"><figure class=\"wp-block-media-text__media\"><a href=\"https:\/\/acervos.ufpe.br\/carlosestevao\/index.php\/colecoes\/colecao-foto-etnografica\/\"><img loading=\"lazy\" width=\"1016\" height=\"1024\" src=\"https:\/\/acervos.ufpe.br\/carlosestevao\/wp-content\/uploads\/2020\/10\/Fot.014-Put-yapere-e-Kuredn.-Mocas-da-festa-da-Sociedade-dos-Kokrit.-Canela.-1016x1024.jpg\" alt=\"\" class=\"wp-image-14856 size-full\" srcset=\"https:\/\/acervos.ufpe.br\/carlosestevao\/wp-content\/uploads\/2020\/10\/Fot.014-Put-yapere-e-Kuredn.-Mocas-da-festa-da-Sociedade-dos-Kokrit.-Canela.-1016x1024.jpg 1016w, https:\/\/acervos.ufpe.br\/carlosestevao\/wp-content\/uploads\/2020\/10\/Fot.014-Put-yapere-e-Kuredn.-Mocas-da-festa-da-Sociedade-dos-Kokrit.-Canela.-298x300.jpg 298w, https:\/\/acervos.ufpe.br\/carlosestevao\/wp-content\/uploads\/2020\/10\/Fot.014-Put-yapere-e-Kuredn.-Mocas-da-festa-da-Sociedade-dos-Kokrit.-Canela.-150x150.jpg 150w, https:\/\/acervos.ufpe.br\/carlosestevao\/wp-content\/uploads\/2020\/10\/Fot.014-Put-yapere-e-Kuredn.-Mocas-da-festa-da-Sociedade-dos-Kokrit.-Canela.-768x774.jpg 768w, https:\/\/acervos.ufpe.br\/carlosestevao\/wp-content\/uploads\/2020\/10\/Fot.014-Put-yapere-e-Kuredn.-Mocas-da-festa-da-Sociedade-dos-Kokrit.-Canela.-1525x1536.jpg 1525w, https:\/\/acervos.ufpe.br\/carlosestevao\/wp-content\/uploads\/2020\/10\/Fot.014-Put-yapere-e-Kuredn.-Mocas-da-festa-da-Sociedade-dos-Kokrit.-Canela.-40x40.jpg 40w, https:\/\/acervos.ufpe.br\/carlosestevao\/wp-content\/uploads\/2020\/10\/Fot.014-Put-yapere-e-Kuredn.-Mocas-da-festa-da-Sociedade-dos-Kokrit.-Canela.-205x207.jpg 205w, https:\/\/acervos.ufpe.br\/carlosestevao\/wp-content\/uploads\/2020\/10\/Fot.014-Put-yapere-e-Kuredn.-Mocas-da-festa-da-Sociedade-dos-Kokrit.-Canela.-125x125.jpg 125w, https:\/\/acervos.ufpe.br\/carlosestevao\/wp-content\/uploads\/2020\/10\/Fot.014-Put-yapere-e-Kuredn.-Mocas-da-festa-da-Sociedade-dos-Kokrit.-Canela..jpg 2029w\" sizes=\"(max-width: 1016px) 100vw, 1016px\" \/><\/a><\/figure><div class=\"wp-block-media-text__content\">\n<p class=\"has-text-align-right\" style=\"font-size:26px\"><em>A <a href=\"https:\/\/acervos.ufpe.br\/carlosestevao\/index.php\/colecoes\/colecao-foto-etnografica\/\">Cole\u00e7\u00e3o Foto Etnogr\u00e1fica Carlos Estev\u00e3o<\/a> possui cerca de 1.200 fotografias colecionadas entre 1909 at\u00e9 1947. Fotografias que Carlos Estev\u00e3o recebeu durante esse per\u00edodo, algumas delas de&nbsp;Curt Nimuendaj\u00fa.<\/em><\/p>\n<\/div><\/div>\n\n\n\n<p><\/p>\n","protected":false},"excerpt":{"rendered":"<p>A Cole\u00e7\u00e3o Etnogr\u00e1fica Carlos Estev\u00e3o constitui-se em um valioso acervo de mais de 3.000 pe\u00e7as adquiridas entre os anos de 1908 a 1946 quando o pernambucano, advogado, poeta e folclorista Carlos Estev\u00e3o de Oliveira trabalhou na regi\u00e3o Amaz\u00f4nica ocupando importantes cargos no Estado do Par\u00e1 como promotor p\u00fablico em Alenquer, funcion\u00e1rio p\u00fablico em Bel\u00e9m, e [&hellip;]<\/p>\n","protected":false},"author":1,"featured_media":0,"parent":0,"menu_order":0,"comment_status":"closed","ping_status":"closed","template":"","meta":[],"_links":{"self":[{"href":"https:\/\/acervos.ufpe.br\/carlosestevao\/index.php\/wp-json\/wp\/v2\/pages\/6"}],"collection":[{"href":"https:\/\/acervos.ufpe.br\/carlosestevao\/index.php\/wp-json\/wp\/v2\/pages"}],"about":[{"href":"https:\/\/acervos.ufpe.br\/carlosestevao\/index.php\/wp-json\/wp\/v2\/types\/page"}],"author":[{"embeddable":true,"href":"https:\/\/acervos.ufpe.br\/carlosestevao\/index.php\/wp-json\/wp\/v2\/users\/1"}],"replies":[{"embeddable":true,"href":"https:\/\/acervos.ufpe.br\/carlosestevao\/index.php\/wp-json\/wp\/v2\/comments?post=6"}],"version-history":[{"count":38,"href":"https:\/\/acervos.ufpe.br\/carlosestevao\/index.php\/wp-json\/wp\/v2\/pages\/6\/revisions"}],"predecessor-version":[{"id":41490,"href":"https:\/\/acervos.ufpe.br\/carlosestevao\/index.php\/wp-json\/wp\/v2\/pages\/6\/revisions\/41490"}],"wp:attachment":[{"href":"https:\/\/acervos.ufpe.br\/carlosestevao\/index.php\/wp-json\/wp\/v2\/media?parent=6"}],"curies":[{"name":"wp","href":"https:\/\/api.w.org\/{rel}","templated":true}]}}